{"id":8098,"date":"2025-07-16T14:06:12","date_gmt":"2025-07-16T12:06:12","guid":{"rendered":"https:\/\/wartburgkultur.de\/go\/?post_type=product&#038;p=8098"},"modified":"2025-07-16T14:19:42","modified_gmt":"2025-07-16T12:19:42","slug":"duftbaum-emmi-mit-wartburg-353-pfirsichduft","status":"publish","type":"product","link":"https:\/\/wartburgkultur.de\/go\/produkt\/duftbaum-emmi-mit-wartburg-353-pfirsichduft\/","title":{"rendered":"Duftbaum Emmi mit Wartburg 353 &#038; Pfirsichduft"},"content":{"rendered":"<div>\n<h2 data-start=\"608\" data-end=\"655\"><strong>\ud83c\udf51 Kultiger Duftbaum mit Emmi &amp; Pfirsichduft<\/strong><\/h2>\n<p data-start=\"657\" data-end=\"884\">Bringe Retro-Charme und fruchtige Frische in Dein Auto! Unser exklusiver Duftbaum zeigt das Zweitaktgirl <strong data-start=\"762\" data-end=\"770\">Emmi<\/strong> mit einem <strong data-start=\"781\" data-end=\"797\">Wartburg 353<\/strong>, stilecht vor einem <strong data-start=\"818\" data-end=\"832\">Plattenbau<\/strong> \u2013 ein echter Ostalgie-Klassiker mit modernem Twist.<\/p>\n<\/div>\n<div>\n<h3 data-start=\"891\" data-end=\"926\"><strong>\ud83d\udca8 Fruchtiger Duft f\u00fcr jede Tour<\/strong><\/h3>\n<p data-start=\"928\" data-end=\"1047\">Der <strong data-start=\"932\" data-end=\"948\">Pfirsichduft<\/strong> sorgt f\u00fcr ein angenehmes, s\u00fc\u00df-frisches Aroma im Innenraum. Ideal f\u00fcr Auto, LKW, B\u00fcro oder Schrank.<\/p>\n<div id=\"attachment_8100\" style=\"width: 235px\" class=\"wp-caption alignnone\"><img decoding=\"async\" aria-describedby=\"caption-attachment-8100\" class=\"wp-image-8100 size-medium\" src=\"https:\/\/wartburgkultur.de\/go\/wp-content\/uploads\/2025\/07\/20250712_104151-225x300.jpg\" alt=\"Kultiger Duftbaum mit Emmi &amp; Pfirsichduft Bringe Retro-Charme und fruchtige Frische in Dein Auto! Unser exklusiver Duftbaum zeigt das Zweitaktgirl Emmi mit einem Wartburg 353, stilecht vor einem Plattenbau \u2013 ein echter Ostalgie-Klassiker mit modernem Twist.\" width=\"225\" height=\"300\" \/><p id=\"caption-attachment-8100\" class=\"wp-caption-text\">Emmi in Lederleggings \u2013 Stil mit Statement<\/p><\/div>\n<\/div>\n<div>\n<h3 data-start=\"1054\" data-end=\"1102\"><strong>\ud83d\udc56 Emmi in Lederleggings \u2013 Stil mit Statement<\/strong><\/h3>\n<p data-start=\"1104\" data-end=\"1323\">Emmi tr\u00e4gt auff\u00e4llige schwarze und rote <strong data-start=\"1144\" data-end=\"1161\">Lederleggings<\/strong>, die in Kombination mit dem Wartburg und der Plattenbau-Kulisse echtes DDR-Feeling aufleben lassen. Ein einzigartiges Design f\u00fcr alle, die Individualit\u00e4t lieben.<\/p>\n<\/div>\n<h3 data-start=\"1330\" data-end=\"1374\"><strong>\ud83d\udd04 Beidseitig bedruckt \u2013 doppelt stylisch<\/strong><\/h3>\n<p data-start=\"1376\" data-end=\"1534\">Der Duftbaum ist <strong data-start=\"1393\" data-end=\"1431\">beidseitig mit Emmi-Motiv bedruckt<\/strong> und \u00fcberzeugt durch seine hochwertige Verarbeitung. So bleibt er aus jedem Blickwinkel ein Eyecatcher.<\/p>\n<h4 data-start=\"1541\" data-end=\"1562\"><strong>\ud83d\udccf Produktdetails:<\/strong><\/h4>\n<ul data-start=\"1564\" data-end=\"1699\">\n<li data-start=\"1564\" data-end=\"1586\">\n<p data-start=\"1566\" data-end=\"1586\"><strong data-start=\"1566\" data-end=\"1575\">Duft:<\/strong> Pfirsich<\/p>\n<\/li>\n<li data-start=\"1587\" data-end=\"1615\">\n<p data-start=\"1589\" data-end=\"1615\"><strong data-start=\"1589\" data-end=\"1598\">Ma\u00dfe:<\/strong> 11 cm x 5,5 cm<\/p>\n<\/li>\n<li data-start=\"1616\" data-end=\"1644\">\n<p data-start=\"1618\" data-end=\"1644\"><strong data-start=\"1618\" data-end=\"1631\">Material:<\/strong> Duftkarton<\/p>\n<\/li>\n<li data-start=\"1645\" data-end=\"1679\">\n<p data-start=\"1647\" data-end=\"1679\"><strong data-start=\"1647\" data-end=\"1658\">Design:<\/strong> Beidseitiger Druck<\/p>\n<\/li>\n<li data-start=\"1680\" data-end=\"1699\">\n<p data-start=\"1682\" data-end=\"1699\"><strong data-start=\"1682\" data-end=\"1692\">Preis:<\/strong> 6,99 \u20ac<\/p>\n<\/li>\n<\/ul>\n<h4 data-start=\"1706\" data-end=\"1722\"><strong>\ud83d\ude97 Ideal f\u00fcr:<\/strong><\/h4>\n<ul data-start=\"1724\" data-end=\"1825\">\n<li data-start=\"1724\" data-end=\"1742\">\n<p data-start=\"1726\" data-end=\"1742\">Auto-Innenraum<\/p>\n<\/li>\n<li data-start=\"1743\" data-end=\"1760\">\n<p data-start=\"1745\" data-end=\"1760\">Oldtimer-Fans<\/p>\n<\/li>\n<li data-start=\"1761\" data-end=\"1792\">\n<p data-start=\"1763\" data-end=\"1792\">DDR- und Ostalgie-Liebhaber<\/p>\n<\/li>\n<li data-start=\"1793\" data-end=\"1825\">\n<p data-start=\"1795\" data-end=\"1825\">Als Geschenk oder Sammelobjekt<\/p>\n<\/li>\n<\/ul>\n<div><\/div>\n<div><a title=\"Weitere Duftb\u00e4ume f\u00fcr deinen Wartburg findest Du hier.\" href=\"https:\/\/wartburgkultur.de\/go\/produkt-kategorie\/duftbaeume\/\"><strong>Weitere Duftb\u00e4ume findest Du hier.\u00a0<\/strong><\/a><\/div>\n<div>Duftb\u00e4ume f\u00fcr Trabant findet Ihr auf unserer <a title=\"Internetseite TrabantKultur.de\" href=\"https:\/\/www.trabantkultur.de\/\">Internetseite TrabantKultur.de<\/a><\/div>\n","protected":false},"excerpt":{"rendered":"<h2 dir=\"auto\"><strong>Stylischer Duftbaum mit Emmi, Wartburg 353 &amp; Plattenbau. Mit fruchtigem Pfirsichduft &amp; beidseitigem Druck. Ein Hingucker f\u00fcr jedes Auto!<\/strong><\/h2>\n","protected":false},"featured_media":8101,"comment_status":"closed","ping_status":"closed","template":"","meta":{"_et_pb_use_builder":"","_et_pb_old_content":"","_et_gb_content_width":""},"product_brand":[],"product_cat":[37],"product_tag":[30,33,72,75,74,36,66,29,32,24,67,31,26],"class_list":{"0":"post-8098","1":"product","2":"type-product","3":"status-publish","4":"has-post-thumbnail","6":"product_cat-duftbaeume","7":"product_tag-ddr-architektur","8":"product_tag-duftbaum","9":"product_tag-duftbaum-celine","10":"product_tag-duftbaum-emmi","11":"product_tag-duftbaum-zweitaktgirl-luisa","12":"product_tag-feeling","13":"product_tag-lederleggings","14":"product_tag-online-bestellen","15":"product_tag-sexy","16":"product_tag-wartburg","17":"product_tag-wartburg-311","18":"product_tag-wartburggirls","19":"product_tag-wartburgkalender","20":"product_shipping_class-versand-duftbaum","22":"first","23":"instock","24":"purchasable","25":"product-type-simple"},"aioseo_notices":[],"_links":{"self":[{"href":"https:\/\/wartburgkultur.de\/go\/wp-json\/wp\/v2\/product\/8098","targetHints":{"allow":["GET"]}}],"collection":[{"href":"https:\/\/wartburgkultur.de\/go\/wp-json\/wp\/v2\/product"}],"about":[{"href":"https:\/\/wartburgkultur.de\/go\/wp-json\/wp\/v2\/types\/product"}],"replies":[{"embeddable":true,"href":"https:\/\/wartburgkultur.de\/go\/wp-json\/wp\/v2\/comments?post=8098"}],"wp:featuredmedia":[{"embeddable":true,"href":"https:\/\/wartburgkultur.de\/go\/wp-json\/wp\/v2\/media\/8101"}],"wp:attachment":[{"href":"https:\/\/wartburgkultur.de\/go\/wp-json\/wp\/v2\/media?parent=8098"}],"wp:term":[{"taxonomy":"product_brand","embeddable":true,"href":"https:\/\/wartburgkultur.de\/go\/wp-json\/wp\/v2\/product_brand?post=8098"},{"taxonomy":"product_cat","embeddable":true,"href":"https:\/\/wartburgkultur.de\/go\/wp-json\/wp\/v2\/product_cat?post=8098"},{"taxonomy":"product_tag","embeddable":true,"href":"https:\/\/wartburgkultur.de\/go\/wp-json\/wp\/v2\/product_tag?post=8098"}],"curies":[{"name":"wp","href":"https:\/\/api.w.org\/{rel}","templated":true}]}}