{"id":7229,"date":"2021-06-29T14:29:38","date_gmt":"2021-06-29T12:29:38","guid":{"rendered":"https:\/\/wartburgkultur.de\/go\/?post_type=product&#038;p=7229"},"modified":"2021-06-29T16:13:58","modified_gmt":"2021-06-29T14:13:58","slug":"backpack-wartburgkultur","status":"publish","type":"product","link":"https:\/\/wartburgkultur.de\/go\/produkt\/backpack-wartburgkultur\/","title":{"rendered":"BackPack stylischer Kulturbeutel von Wartburgkultur"},"content":{"rendered":"<p><strong>Du wirst ihn lieben &#8211; das garantieren wir Dir!<\/strong><br \/>\n<strong>Kult PUR und stylisch unser BackPack von WartburgKultur, oder auch unser &#8222;Kultur im Beutel&#8220;.<\/strong><\/p>\n<p><strong>Der Kulturbeutel &#8211; weil wir dann endlich beide H\u00e4nde frei haben.<\/strong><br \/>\nDie <a title=\"Kult Pur von Wartburkultur\" href=\"https:\/\/wartburgkultur.de\" target=\"_blank\" rel=\"noopener\">Warburgkultur<\/a> BackPacks haben das Potential, zeitlose Lieblingsst\u00fccke zu werden. Ihre klare Formsprache ohne viel Chicki, aber mit dem exlusiven Fotomotiven unserer Kalendergirls bringen Dir WartburgKultur mit Tragekomfort.<\/p>\n<p>Unsere Kulturbeutel gibt es in 2 Farbvarianten. Ihr k\u00f6nnt aus aus schwarz oder wei\u00df w\u00e4hlen. Um m\u00f6glichst lange Freude an den BackPacks zu haben, vermeidet bitte den Kontakt mit rauen, scharfen Materialien und Gegenst\u00e4nden.<\/p>\n<ul>\n<li>Ma\u00dfe 35 cm x 45 cm (Breite x L\u00e4nge)<\/li>\n<li>Material 100% Baumwolle<\/li>\n<\/ul>\n","protected":false},"excerpt":{"rendered":"<p><strong>Du wirst ihn lieben &#8211; das garantieren wir Dir!<\/strong><br \/>\n<strong>Kult PUR<\/strong> und stylisch unser <a title=\"Rucksack geschichtliches Wikipedia\" href=\"https:\/\/de.wikipedia.org\/wiki\/Rucksack\" target=\"_blank\" rel=\"noopener\"><strong>BackPack<\/strong><\/a> von <a title=\"Kultu PUR unsere BackPacks\" href=\"https:\/\/wartburgkultur.de\/\"><strong>WartburgKultur<\/strong><\/a>, oder auch unser <strong>&#8222;Kultur im Beutel&#8220;<\/strong>.<\/p>\n<p><strong>Der Kulturbeutel &#8211; weil wir dann endlich beide H\u00e4nde frei haben.<\/strong><\/p>\n<p><strong>Das solltest Du dir einmal genauer anschauen.<\/strong><\/p>\n<p>&nbsp;<\/p>\n","protected":false},"featured_media":7232,"comment_status":"closed","ping_status":"closed","template":"","meta":{"_et_pb_use_builder":"on","_et_pb_old_content":"<strong>Du wirst ihn lieben - das garantieren wir Dir!<\/strong>\r\n<strong>Kult PUR und stylisch unser BackPack von WartburgKultur, oder auch unser \"Kultur im Beutel\".<\/strong>\r\n\r\n<strong>Der Kulturbeutel - weil wir dann endlich beide H\u00e4nde frei haben.<\/strong>\r\nDie <a title=\"Kult Pur von Wartburkultur\" href=\"https:\/\/wartburgkultur.de\" target=\"_blank\" rel=\"noopener\">Warburgkultur<\/a> BackPacks haben das Potential, zeitlose Lieblingsst\u00fccke zu werden. Ihre klare Formsprache ohne viel Chicki, aber mit dem exlusiven Fotomotiven unserer Kalendergirls bringen Dir WartburgKultur mit Tragekomfort.\r\n\r\nUnsere Kulturbeutel gibt es in 2 Farbvarianten. Ihr k\u00f6nnt aus aus schwarz oder wei\u00df w\u00e4hlen. Um m\u00f6glichst lange Freude an den BackPacks zu haben, vermeidet bitte den Kontakt mit rauen, scharfen Materialien und Gegenst\u00e4nden.\r\n<ul>\r\n \t<li>Ma\u00dfe 35 cm x 45 cm (Breite x L\u00e4nge)<\/li>\r\n \t<li>Material 100% Baumwolle<\/li>\r\n<\/ul>","_et_gb_content_width":""},"product_brand":[],"product_cat":[51],"product_tag":[49,47,30,42,25,48,29,32,50,24,31,26,43],"class_list":{"0":"post-7229","1":"product","2":"type-product","3":"status-publish","4":"has-post-thumbnail","6":"product_cat-backpack","7":"product_tag-basecap","8":"product_tag-basecape-wartburgkultur","9":"product_tag-ddr-architektur","10":"product_tag-fansticker","11":"product_tag-kalender","12":"product_tag-kult-pur","13":"product_tag-online-bestellen","14":"product_tag-sexy","15":"product_tag-sonnenschutz","16":"product_tag-wartburg","17":"product_tag-wartburggirls","18":"product_tag-wartburgkalender","19":"product_tag-wartburgkultur","20":"product_shipping_class-versand-basecap","22":"first","23":"instock","24":"purchasable","25":"product-type-variable"},"aioseo_notices":[],"_links":{"self":[{"href":"https:\/\/wartburgkultur.de\/go\/wp-json\/wp\/v2\/product\/7229","targetHints":{"allow":["GET"]}}],"collection":[{"href":"https:\/\/wartburgkultur.de\/go\/wp-json\/wp\/v2\/product"}],"about":[{"href":"https:\/\/wartburgkultur.de\/go\/wp-json\/wp\/v2\/types\/product"}],"replies":[{"embeddable":true,"href":"https:\/\/wartburgkultur.de\/go\/wp-json\/wp\/v2\/comments?post=7229"}],"wp:featuredmedia":[{"embeddable":true,"href":"https:\/\/wartburgkultur.de\/go\/wp-json\/wp\/v2\/media\/7232"}],"wp:attachment":[{"href":"https:\/\/wartburgkultur.de\/go\/wp-json\/wp\/v2\/media?parent=7229"}],"wp:term":[{"taxonomy":"product_brand","embeddable":true,"href":"https:\/\/wartburgkultur.de\/go\/wp-json\/wp\/v2\/product_brand?post=7229"},{"taxonomy":"product_cat","embeddable":true,"href":"https:\/\/wartburgkultur.de\/go\/wp-json\/wp\/v2\/product_cat?post=7229"},{"taxonomy":"product_tag","embeddable":true,"href":"https:\/\/wartburgkultur.de\/go\/wp-json\/wp\/v2\/product_tag?post=7229"}],"curies":[{"name":"wp","href":"https:\/\/api.w.org\/{rel}","templated":true}]}}