{"id":7165,"date":"2021-06-28T17:09:59","date_gmt":"2021-06-28T15:09:59","guid":{"rendered":"https:\/\/wartburgkultur.de\/go\/?page_id=7165"},"modified":"2021-06-28T20:34:34","modified_gmt":"2021-06-28T18:34:34","slug":"fotoshooting","status":"publish","type":"page","link":"https:\/\/wartburgkultur.de\/go\/fotoshooting\/","title":{"rendered":"Fotoshooting f\u00fcr den Wartburgkalender 2022"},"content":{"rendered":"<p>[et_pb_section fb_built=&#8220;1&#8243; fullwidth=&#8220;on&#8220; _builder_version=&#8220;3.22&#8243;][et_pb_fullwidth_header title=&#8220;Foto Shooting f\u00fcr den Wartburgkalender 2022&#8243; text_orientation=&#8220;center&#8220; header_scroll_down=&#8220;on&#8220; scroll_down_icon=&#8220;%%4%%&#8220; scroll_down_icon_color=&#8220;#000000&#8243; scroll_down_icon_tablet=&#8220;%%4%%&#8220; scroll_down_icon_phone=&#8220;%%4%%&#8220; _builder_version=&#8220;4.9.2&#8243; background_color=&#8220;#FFFFFF&#8220; background_layout=&#8220;light&#8220; custom_padding=&#8220;||41px|||&#8220; z_index_tablet=&#8220;500&#8243; title_text_shadow_horizontal_length_tablet=&#8220;0px&#8220; title_text_shadow_vertical_length_tablet=&#8220;0px&#8220; title_text_shadow_blur_strength_tablet=&#8220;1px&#8220; content_text_shadow_horizontal_length_tablet=&#8220;0px&#8220; content_text_shadow_vertical_length_tablet=&#8220;0px&#8220; content_text_shadow_blur_strength_tablet=&#8220;1px&#8220; subhead_text_shadow_horizontal_length_tablet=&#8220;0px&#8220; subhead_text_shadow_vertical_length_tablet=&#8220;0px&#8220; subhead_text_shadow_blur_strength_tablet=&#8220;1px&#8220; content_link_text_shadow_horizontal_length_tablet=&#8220;0px&#8220; content_link_text_shadow_vertical_length_tablet=&#8220;0px&#8220; content_link_text_shadow_blur_strength_tablet=&#8220;1px&#8220; content_ul_text_shadow_horizontal_length_tablet=&#8220;0px&#8220; content_ul_text_shadow_vertical_length_tablet=&#8220;0px&#8220; content_ul_text_shadow_blur_strength_tablet=&#8220;1px&#8220; content_ol_text_shadow_horizontal_length_tablet=&#8220;0px&#8220; content_ol_text_shadow_vertical_length_tablet=&#8220;0px&#8220; content_ol_text_shadow_blur_strength_tablet=&#8220;1px&#8220; content_quote_text_shadow_horizontal_length_tablet=&#8220;0px&#8220; content_quote_text_shadow_vertical_length_tablet=&#8220;0px&#8220; content_quote_text_shadow_blur_strength_tablet=&#8220;1px&#8220; button_one_text_shadow_horizontal_length_tablet=&#8220;0px&#8220; button_one_text_shadow_vertical_length_tablet=&#8220;0px&#8220; button_one_text_shadow_blur_strength_tablet=&#8220;1px&#8220; button_two_text_shadow_horizontal_length_tablet=&#8220;0px&#8220; button_two_text_shadow_vertical_length_tablet=&#8220;0px&#8220; button_two_text_shadow_blur_strength_tablet=&#8220;1px&#8220; box_shadow_horizontal_tablet=&#8220;0px&#8220; box_shadow_vertical_tablet=&#8220;0px&#8220; box_shadow_blur_tablet=&#8220;40px&#8220; box_shadow_spread_tablet=&#8220;0px&#8220; box_shadow_horizontal_image_tablet=&#8220;0px&#8220; box_shadow_vertical_image_tablet=&#8220;0px&#8220; box_shadow_blur_image_tablet=&#8220;40px&#8220; box_shadow_spread_image_tablet=&#8220;0px&#8220; box_shadow_horizontal_button_one_tablet=&#8220;0px&#8220; box_shadow_vertical_button_one_tablet=&#8220;0px&#8220; box_shadow_blur_button_one_tablet=&#8220;40px&#8220; box_shadow_spread_button_one_tablet=&#8220;0px&#8220; box_shadow_horizontal_button_two_tablet=&#8220;0px&#8220; box_shadow_vertical_button_two_tablet=&#8220;0px&#8220; box_shadow_blur_button_two_tablet=&#8220;40px&#8220; box_shadow_spread_button_two_tablet=&#8220;0px&#8220; text_shadow_horizontal_length_tablet=&#8220;0px&#8220; text_shadow_vertical_length_tablet=&#8220;0px&#8220; text_shadow_blur_strength_tablet=&#8220;1px&#8220;][\/et_pb_fullwidth_header][\/et_pb_section][et_pb_section fb_built=&#8220;1&#8243; _builder_version=&#8220;3.22&#8243; custom_padding=&#8220;3px||7px|||&#8220;][et_pb_row column_structure=&#8220;1_4,1_4,1_4,1_4&#8243; _builder_version=&#8220;3.25&#8243; background_size=&#8220;initial&#8220; background_position=&#8220;top_left&#8220; background_repeat=&#8220;repeat&#8220;][et_pb_column type=&#8220;1_4&#8243; _builder_version=&#8220;3.0.47&#8243; custom_padding=&#8220;|||&#8220; custom_padding__hover=&#8220;|||&#8220;][et_pb_image src=&#8220;https:\/\/wartburgkultur.de\/go\/wp-content\/uploads\/2021\/06\/2-1.jpg&#8220; alt=&#8220;Foto Shooting f\u00fcr den Wartburgkalender 2022&#8243; title_text=&#8220;Foto Shooting f\u00fcr den Wartburgkalender 2022&#8243; show_in_lightbox=&#8220;on&#8220; align=&#8220;center&#8220; _builder_version=&#8220;4.9.2&#8243; z_index_tablet=&#8220;500&#8243; box_shadow_style=&#8220;preset2&#8243; box_shadow_horizontal_tablet=&#8220;0px&#8220; box_shadow_vertical_tablet=&#8220;0px&#8220; box_shadow_blur_tablet=&#8220;40px&#8220;][\/et_pb_image][\/et_pb_column][et_pb_column type=&#8220;1_4&#8243; _builder_version=&#8220;3.0.47&#8243; custom_padding=&#8220;|||&#8220; custom_padding__hover=&#8220;|||&#8220;][et_pb_image src=&#8220;https:\/\/wartburgkultur.de\/go\/wp-content\/uploads\/2021\/06\/09.jpg&#8220; alt=&#8220;Foto Shooting f\u00fcr den Wartburgkalender 2022&#8243; title_text=&#8220;Foto Shooting f\u00fcr den Wartburgkalender 2022&#8243; show_in_lightbox=&#8220;on&#8220; align=&#8220;center&#8220; _builder_version=&#8220;4.9.2&#8243; z_index_tablet=&#8220;500&#8243; box_shadow_style=&#8220;preset2&#8243; box_shadow_horizontal_tablet=&#8220;0px&#8220; box_shadow_vertical_tablet=&#8220;0px&#8220; box_shadow_blur_tablet=&#8220;40px&#8220;][\/et_pb_image][\/et_pb_column][et_pb_column type=&#8220;1_4&#8243; _builder_version=&#8220;3.0.47&#8243; custom_padding=&#8220;|||&#8220; custom_padding__hover=&#8220;|||&#8220;][et_pb_image src=&#8220;https:\/\/wartburgkultur.de\/go\/wp-content\/uploads\/2021\/06\/9O9A7202.jpg&#8220; alt=&#8220;Foto Shooting f\u00fcr den Wartburgkalender 2022&#8243; title_text=&#8220;Foto Shooting f\u00fcr den Wartburgkalender 2022&#8243; show_in_lightbox=&#8220;on&#8220; align=&#8220;center&#8220; _builder_version=&#8220;4.9.2&#8243; z_index_tablet=&#8220;500&#8243; box_shadow_style=&#8220;preset2&#8243; box_shadow_horizontal_tablet=&#8220;0px&#8220; box_shadow_vertical_tablet=&#8220;0px&#8220; box_shadow_blur_tablet=&#8220;40px&#8220;][\/et_pb_image][\/et_pb_column][et_pb_column type=&#8220;1_4&#8243; _builder_version=&#8220;3.0.47&#8243; custom_padding=&#8220;|||&#8220; custom_padding__hover=&#8220;|||&#8220;][et_pb_image src=&#8220;https:\/\/wartburgkultur.de\/go\/wp-content\/uploads\/2021\/06\/9O9A9402.jpg&#8220; alt=&#8220;Foto Shooting f\u00fcr den Wartburgkalender 2022&#8243; title_text=&#8220;Foto Shooting f\u00fcr den Wartburgkalender 2022&#8243; show_in_lightbox=&#8220;on&#8220; align=&#8220;center&#8220; _builder_version=&#8220;4.9.2&#8243; z_index_tablet=&#8220;500&#8243; box_shadow_style=&#8220;preset2&#8243; box_shadow_horizontal_tablet=&#8220;0px&#8220; box_shadow_vertical_tablet=&#8220;0px&#8220; box_shadow_blur_tablet=&#8220;40px&#8220;][\/et_pb_image][\/et_pb_column][\/et_pb_row][\/et_pb_section][et_pb_section fb_built=&#8220;1&#8243; _builder_version=&#8220;4.9.2&#8243; _module_preset=&#8220;default&#8220; custom_padding=&#8220;3px||2px|||&#8220;][et_pb_row _builder_version=&#8220;4.9.2&#8243; _module_preset=&#8220;default&#8220;][et_pb_column type=&#8220;4_4&#8243; _builder_version=&#8220;4.9.2&#8243; _module_preset=&#8220;default&#8220;][et_pb_text _builder_version=&#8220;4.9.2&#8243; _module_preset=&#8220;default&#8220; text_font_size=&#8220;26px&#8220; hover_enabled=&#8220;0&#8243; text_font_size_tablet=&#8220;&#8220; text_font_size_phone=&#8220;19px&#8220; text_font_size_last_edited=&#8220;on|phone&#8220; sticky_enabled=&#8220;0&#8243;]<\/p>\n<p style=\"text-align: center;\">Unsere neuen Fotoshootings f\u00fcr den <a href=\"https:\/\/wartburgkultur.de\" title=\"Der offizielle Wartburgkalender 2021\"><strong>Wartbugkalender 2022<\/strong><\/a> sind voll im Gange. Im Juni sind wir f\u00fcr Euch nach Eisenach gereist und haben hier die einstige Wartburg-Werkskantine f\u00fcr das exklusive Shooting mit unserer bezaubernden Valeria gebucht.<\/p>\n<p>[\/et_pb_text][\/et_pb_column][\/et_pb_row][\/et_pb_section][et_pb_section fb_built=&#8220;1&#8243; _builder_version=&#8220;3.22&#8243; custom_padding=&#8220;2px||7px|||&#8220;][et_pb_row column_structure=&#8220;1_4,1_4,1_4,1_4&#8243; _builder_version=&#8220;3.25&#8243; background_size=&#8220;initial&#8220; background_position=&#8220;top_left&#8220; background_repeat=&#8220;repeat&#8220;][et_pb_column type=&#8220;1_4&#8243; _builder_version=&#8220;3.0.47&#8243; custom_padding=&#8220;|||&#8220; custom_padding__hover=&#8220;|||&#8220;][et_pb_image src=&#8220;https:\/\/wartburgkultur.de\/go\/wp-content\/uploads\/2021\/06\/9O9A0012.jpg&#8220; alt=&#8220;Foto Shooting f\u00fcr den Wartburgkalender 2022&#8243; title_text=&#8220;Foto Shooting f\u00fcr den Wartburgkalender 2022&#8243; show_in_lightbox=&#8220;on&#8220; align=&#8220;center&#8220; _builder_version=&#8220;4.9.2&#8243; z_index_tablet=&#8220;500&#8243; box_shadow_style=&#8220;preset2&#8243; box_shadow_horizontal_tablet=&#8220;0px&#8220; box_shadow_vertical_tablet=&#8220;0px&#8220; box_shadow_blur_tablet=&#8220;40px&#8220;][\/et_pb_image][\/et_pb_column][et_pb_column type=&#8220;1_4&#8243; _builder_version=&#8220;3.0.47&#8243; custom_padding=&#8220;|||&#8220; custom_padding__hover=&#8220;|||&#8220;][et_pb_image src=&#8220;https:\/\/wartburgkultur.de\/go\/wp-content\/uploads\/2021\/06\/9O9A0033.jpg&#8220; alt=&#8220;Foto Shooting f\u00fcr den Wartburgkalender 2022&#8243; title_text=&#8220;Foto Shooting f\u00fcr den Wartburgkalender 2022&#8243; show_in_lightbox=&#8220;on&#8220; align=&#8220;center&#8220; _builder_version=&#8220;4.9.2&#8243; z_index_tablet=&#8220;500&#8243; box_shadow_style=&#8220;preset2&#8243; box_shadow_horizontal_tablet=&#8220;0px&#8220; box_shadow_vertical_tablet=&#8220;0px&#8220; box_shadow_blur_tablet=&#8220;40px&#8220;][\/et_pb_image][\/et_pb_column][et_pb_column type=&#8220;1_4&#8243; _builder_version=&#8220;3.0.47&#8243; custom_padding=&#8220;|||&#8220; custom_padding__hover=&#8220;|||&#8220;][et_pb_image src=&#8220;https:\/\/wartburgkultur.de\/go\/wp-content\/uploads\/2021\/06\/9O9A6446.jpg&#8220; alt=&#8220;Foto Shooting f\u00fcr den Wartburgkalender 2022&#8243; title_text=&#8220;Foto Shooting f\u00fcr den Wartburgkalender 2022&#8243; show_in_lightbox=&#8220;on&#8220; align=&#8220;center&#8220; _builder_version=&#8220;4.9.2&#8243; z_index_tablet=&#8220;500&#8243; box_shadow_style=&#8220;preset2&#8243; box_shadow_horizontal_tablet=&#8220;0px&#8220; box_shadow_vertical_tablet=&#8220;0px&#8220; box_shadow_blur_tablet=&#8220;40px&#8220;][\/et_pb_image][\/et_pb_column][et_pb_column type=&#8220;1_4&#8243; _builder_version=&#8220;3.0.47&#8243; custom_padding=&#8220;|||&#8220; custom_padding__hover=&#8220;|||&#8220;][et_pb_image src=&#8220;https:\/\/wartburgkultur.de\/go\/wp-content\/uploads\/2021\/06\/9O9A7375.jpg&#8220; alt=&#8220;Foto Shooting f\u00fcr den Wartburgkalender 2022&#8243; title_text=&#8220;Foto Shooting f\u00fcr den Wartburgkalender 2022&#8243; show_in_lightbox=&#8220;on&#8220; align=&#8220;center&#8220; _builder_version=&#8220;4.9.2&#8243; z_index_tablet=&#8220;500&#8243; box_shadow_style=&#8220;preset2&#8243; box_shadow_horizontal_tablet=&#8220;0px&#8220; box_shadow_vertical_tablet=&#8220;0px&#8220; box_shadow_blur_tablet=&#8220;40px&#8220;][\/et_pb_image][\/et_pb_column][\/et_pb_row][\/et_pb_section][et_pb_section fb_built=&#8220;1&#8243; _builder_version=&#8220;4.9.2&#8243; _module_preset=&#8220;default&#8220; custom_padding=&#8220;6px||6px|||&#8220;][et_pb_row _builder_version=&#8220;4.9.2&#8243; _module_preset=&#8220;default&#8220;][et_pb_column type=&#8220;4_4&#8243; _builder_version=&#8220;4.9.2&#8243; _module_preset=&#8220;default&#8220;][et_pb_text _builder_version=&#8220;4.9.2&#8243; _module_preset=&#8220;default&#8220; text_font_size=&#8220;26px&#8220; text_font_size_tablet=&#8220;&#8220; text_font_size_phone=&#8220;19px&#8220; text_font_size_last_edited=&#8220;on|phone&#8220;]<\/p>\n<p style=\"text-align: center;\">Neben einem Wartburg 312 Post-Fahrzeug posierte unser Kalendermodel Valeria auch vor einem Wartburg Coupe 311 und einer Sport Deluxe Edition. Freut Euch auf die Fotos, Ihr werdet begeistert sein.<\/p>\n<p>[\/et_pb_text][\/et_pb_column][\/et_pb_row][\/et_pb_section][et_pb_section fb_built=&#8220;1&#8243; _builder_version=&#8220;3.22&#8243; custom_padding=&#8220;9px||4px|||&#8220;][et_pb_row column_structure=&#8220;1_4,1_4,1_4,1_4&#8243; _builder_version=&#8220;3.25&#8243; background_size=&#8220;initial&#8220; background_position=&#8220;top_left&#8220; background_repeat=&#8220;repeat&#8220;][et_pb_column type=&#8220;1_4&#8243; _builder_version=&#8220;3.0.47&#8243; custom_padding=&#8220;|||&#8220; custom_padding__hover=&#8220;|||&#8220;][et_pb_image src=&#8220;https:\/\/wartburgkultur.de\/go\/wp-content\/uploads\/2021\/06\/9O9A9350.jpg&#8220; alt=&#8220;Foto Shooting f\u00fcr den Wartburgkalender 2022&#8243; title_text=&#8220;Foto Shooting f\u00fcr den Wartburgkalender 2022&#8243; show_in_lightbox=&#8220;on&#8220; align=&#8220;center&#8220; _builder_version=&#8220;4.9.2&#8243; z_index_tablet=&#8220;500&#8243; box_shadow_style=&#8220;preset2&#8243; box_shadow_horizontal_tablet=&#8220;0px&#8220; box_shadow_vertical_tablet=&#8220;0px&#8220; box_shadow_blur_tablet=&#8220;40px&#8220;][\/et_pb_image][\/et_pb_column][et_pb_column type=&#8220;1_4&#8243; _builder_version=&#8220;3.0.47&#8243; custom_padding=&#8220;|||&#8220; custom_padding__hover=&#8220;|||&#8220;][et_pb_image src=&#8220;https:\/\/wartburgkultur.de\/go\/wp-content\/uploads\/2021\/06\/9O9A9742.jpg&#8220; alt=&#8220;Foto Shooting f\u00fcr den Wartburgkalender 2022&#8243; title_text=&#8220;Foto Shooting f\u00fcr den Wartburgkalender 2022&#8243; show_in_lightbox=&#8220;on&#8220; align=&#8220;center&#8220; _builder_version=&#8220;4.9.2&#8243; z_index_tablet=&#8220;500&#8243; box_shadow_style=&#8220;preset2&#8243; box_shadow_horizontal_tablet=&#8220;0px&#8220; box_shadow_vertical_tablet=&#8220;0px&#8220; box_shadow_blur_tablet=&#8220;40px&#8220;][\/et_pb_image][\/et_pb_column][et_pb_column type=&#8220;1_4&#8243; _builder_version=&#8220;3.0.47&#8243; custom_padding=&#8220;|||&#8220; custom_padding__hover=&#8220;|||&#8220;][et_pb_image src=&#8220;https:\/\/wartburgkultur.de\/go\/wp-content\/uploads\/2021\/06\/9O9A9788.jpg&#8220; alt=&#8220;Foto Shooting f\u00fcr den Wartburgkalender 2022&#8243; title_text=&#8220;Foto Shooting f\u00fcr den Wartburgkalender 2022&#8243; show_in_lightbox=&#8220;on&#8220; align=&#8220;center&#8220; _builder_version=&#8220;4.9.2&#8243; z_index_tablet=&#8220;500&#8243; box_shadow_style=&#8220;preset2&#8243; box_shadow_horizontal_tablet=&#8220;0px&#8220; box_shadow_vertical_tablet=&#8220;0px&#8220; box_shadow_blur_tablet=&#8220;40px&#8220;][\/et_pb_image][\/et_pb_column][et_pb_column type=&#8220;1_4&#8243; _builder_version=&#8220;3.0.47&#8243; custom_padding=&#8220;|||&#8220; custom_padding__hover=&#8220;|||&#8220;][et_pb_image src=&#8220;https:\/\/wartburgkultur.de\/go\/wp-content\/uploads\/2021\/06\/10.jpg&#8220; alt=&#8220;Foto Shooting f\u00fcr den Wartburgkalender 2022&#8243; title_text=&#8220;Foto Shooting f\u00fcr den Wartburgkalender 2022&#8243; show_in_lightbox=&#8220;on&#8220; align=&#8220;center&#8220; _builder_version=&#8220;4.9.2&#8243; z_index_tablet=&#8220;500&#8243; box_shadow_style=&#8220;preset2&#8243; box_shadow_horizontal_tablet=&#8220;0px&#8220; box_shadow_vertical_tablet=&#8220;0px&#8220; box_shadow_blur_tablet=&#8220;40px&#8220;][\/et_pb_image][\/et_pb_column][\/et_pb_row][et_pb_row _builder_version=&#8220;4.9.2&#8243; _module_preset=&#8220;default&#8220;][et_pb_column type=&#8220;4_4&#8243; _builder_version=&#8220;4.9.2&#8243; _module_preset=&#8220;default&#8220;][et_pb_text _builder_version=&#8220;4.9.2&#8243; _module_preset=&#8220;default&#8220; text_font_size=&#8220;26px&#8220; text_font_size_tablet=&#8220;&#8220; text_font_size_phone=&#8220;19px&#8220; text_font_size_last_edited=&#8220;on|phone&#8220;]<\/p>\n<p style=\"text-align: center;\">In der 3. Juniwoche besuchten wir die wundersch\u00f6ne Stadt Plauen und haben f\u00fcr Euch den Bahnhof als exklusive Location f\u00fcr das Shooting ausgesucht. Das Geb\u00e4ude am Bahnhof ist ein Bauwerk der Ostmoderne vom Typ &#8222;Leipzig&#8220;. Daneben kann man noch die originale Betonwand aus Betonformsteinen sehen.<\/p>\n<p>[\/et_pb_text][\/et_pb_column][\/et_pb_row][et_pb_row column_structure=&#8220;1_4,1_4,1_4,1_4&#8243; _builder_version=&#8220;3.25&#8243; background_size=&#8220;initial&#8220; background_position=&#8220;top_left&#8220; background_repeat=&#8220;repeat&#8220;][et_pb_column type=&#8220;1_4&#8243; _builder_version=&#8220;3.0.47&#8243; custom_padding=&#8220;|||&#8220; custom_padding__hover=&#8220;|||&#8220;][et_pb_image src=&#8220;https:\/\/wartburgkultur.de\/go\/wp-content\/uploads\/2021\/06\/20210424_112135.jpg&#8220; alt=&#8220;Foto Shooting f\u00fcr den Wartburgkalender 2022&#8243; title_text=&#8220;Foto Shooting f\u00fcr den Wartburgkalender 2022&#8243; show_in_lightbox=&#8220;on&#8220; align=&#8220;center&#8220; _builder_version=&#8220;4.9.2&#8243; z_index_tablet=&#8220;500&#8243; box_shadow_style=&#8220;preset2&#8243; box_shadow_horizontal_tablet=&#8220;0px&#8220; box_shadow_vertical_tablet=&#8220;0px&#8220; box_shadow_blur_tablet=&#8220;40px&#8220;][\/et_pb_image][\/et_pb_column][et_pb_column type=&#8220;1_4&#8243; _builder_version=&#8220;3.0.47&#8243; custom_padding=&#8220;|||&#8220; custom_padding__hover=&#8220;|||&#8220;][et_pb_image src=&#8220;https:\/\/wartburgkultur.de\/go\/wp-content\/uploads\/2021\/06\/20210424_112650.jpg&#8220; alt=&#8220;Foto Shooting f\u00fcr den Wartburgkalender 2022&#8243; title_text=&#8220;Foto Shooting f\u00fcr den Wartburgkalender 2022&#8243; show_in_lightbox=&#8220;on&#8220; align=&#8220;center&#8220; _builder_version=&#8220;4.9.2&#8243; z_index_tablet=&#8220;500&#8243; box_shadow_style=&#8220;preset2&#8243; box_shadow_horizontal_tablet=&#8220;0px&#8220; box_shadow_vertical_tablet=&#8220;0px&#8220; box_shadow_blur_tablet=&#8220;40px&#8220;][\/et_pb_image][\/et_pb_column][et_pb_column type=&#8220;1_4&#8243; _builder_version=&#8220;3.0.47&#8243; custom_padding=&#8220;|||&#8220; custom_padding__hover=&#8220;|||&#8220;][et_pb_image src=&#8220;https:\/\/wartburgkultur.de\/go\/wp-content\/uploads\/2021\/06\/20210424_125404.jpg&#8220; alt=&#8220;Foto Shooting f\u00fcr den Wartburgkalender 2022&#8243; title_text=&#8220;Foto Shooting f\u00fcr den Wartburgkalender 2022&#8243; show_in_lightbox=&#8220;on&#8220; align=&#8220;center&#8220; _builder_version=&#8220;4.9.2&#8243; z_index_tablet=&#8220;500&#8243; box_shadow_style=&#8220;preset2&#8243; box_shadow_horizontal_tablet=&#8220;0px&#8220; box_shadow_vertical_tablet=&#8220;0px&#8220; box_shadow_blur_tablet=&#8220;40px&#8220;][\/et_pb_image][\/et_pb_column][et_pb_column type=&#8220;1_4&#8243; _builder_version=&#8220;3.0.47&#8243; custom_padding=&#8220;|||&#8220; custom_padding__hover=&#8220;|||&#8220;][et_pb_image src=&#8220;https:\/\/wartburgkultur.de\/go\/wp-content\/uploads\/2021\/06\/20210424_130518.jpg&#8220; alt=&#8220;Foto Shooting f\u00fcr den Wartburgkalender 2022&#8243; title_text=&#8220;Foto Shooting f\u00fcr den Wartburgkalender 2022&#8243; show_in_lightbox=&#8220;on&#8220; align=&#8220;center&#8220; _builder_version=&#8220;4.9.2&#8243; z_index_tablet=&#8220;500&#8243; box_shadow_style=&#8220;preset2&#8243; box_shadow_horizontal_tablet=&#8220;0px&#8220; box_shadow_vertical_tablet=&#8220;0px&#8220; box_shadow_blur_tablet=&#8220;40px&#8220;][\/et_pb_image][\/et_pb_column][\/et_pb_row][et_pb_row _builder_version=&#8220;4.9.2&#8243; _module_preset=&#8220;default&#8220;][et_pb_column type=&#8220;4_4&#8243; _builder_version=&#8220;4.9.2&#8243; _module_preset=&#8220;default&#8220;][et_pb_text _builder_version=&#8220;4.9.2&#8243; _module_preset=&#8220;default&#8220; text_font_size=&#8220;26px&#8220; text_font_size_tablet=&#8220;&#8220; text_font_size_phone=&#8220;19px&#8220; text_font_size_last_edited=&#8220;on|phone&#8220;]<\/p>\n<p style=\"text-align: center;\">Diese DDR-Kulisse harmoniert traumhaft mit unseren Wartburg-Kalendergirls, was wir Euch im neuen Wartburgkalender 2022 exklusiv pr\u00e4sentieren.<\/p>\n<p>[\/et_pb_text][\/et_pb_column][\/et_pb_row][et_pb_row column_structure=&#8220;1_4,1_4,1_4,1_4&#8243; _builder_version=&#8220;3.25&#8243; background_size=&#8220;initial&#8220; background_position=&#8220;top_left&#8220; background_repeat=&#8220;repeat&#8220;][et_pb_column type=&#8220;1_4&#8243; _builder_version=&#8220;3.0.47&#8243; custom_padding=&#8220;|||&#8220; custom_padding__hover=&#8220;|||&#8220;][et_pb_image src=&#8220;https:\/\/wartburgkultur.de\/go\/wp-content\/uploads\/2021\/06\/20210614_194044.jpg&#8220; alt=&#8220;Foto Shooting f\u00fcr den Wartburgkalender 2022&#8243; title_text=&#8220;Foto Shooting f\u00fcr den Wartburgkalender 2022&#8243; show_in_lightbox=&#8220;on&#8220; align=&#8220;center&#8220; _builder_version=&#8220;4.9.2&#8243; z_index_tablet=&#8220;500&#8243; box_shadow_style=&#8220;preset2&#8243; box_shadow_horizontal_tablet=&#8220;0px&#8220; box_shadow_vertical_tablet=&#8220;0px&#8220; box_shadow_blur_tablet=&#8220;40px&#8220;][\/et_pb_image][\/et_pb_column][et_pb_column type=&#8220;1_4&#8243; _builder_version=&#8220;3.0.47&#8243; custom_padding=&#8220;|||&#8220; custom_padding__hover=&#8220;|||&#8220;][et_pb_image src=&#8220;https:\/\/wartburgkultur.de\/go\/wp-content\/uploads\/2021\/06\/20210614_193310.jpg&#8220; alt=&#8220;Foto Shooting f\u00fcr den Wartburgkalender 2022&#8243; title_text=&#8220;Foto Shooting f\u00fcr den Wartburgkalender 2022&#8243; show_in_lightbox=&#8220;on&#8220; align=&#8220;center&#8220; _builder_version=&#8220;4.9.2&#8243; z_index_tablet=&#8220;500&#8243; box_shadow_style=&#8220;preset2&#8243; box_shadow_horizontal_tablet=&#8220;0px&#8220; box_shadow_vertical_tablet=&#8220;0px&#8220; box_shadow_blur_tablet=&#8220;40px&#8220;][\/et_pb_image][\/et_pb_column][et_pb_column type=&#8220;1_4&#8243; _builder_version=&#8220;3.0.47&#8243; custom_padding=&#8220;|||&#8220; custom_padding__hover=&#8220;|||&#8220;][et_pb_image src=&#8220;https:\/\/wartburgkultur.de\/go\/wp-content\/uploads\/2021\/06\/20210614_193405.jpg&#8220; alt=&#8220;Foto Shooting f\u00fcr den Wartburgkalender 2022&#8243; title_text=&#8220;Foto Shooting f\u00fcr den Wartburgkalender 2022&#8243; show_in_lightbox=&#8220;on&#8220; align=&#8220;center&#8220; _builder_version=&#8220;4.9.2&#8243; z_index_tablet=&#8220;500&#8243; box_shadow_style=&#8220;preset2&#8243; box_shadow_horizontal_tablet=&#8220;0px&#8220; box_shadow_vertical_tablet=&#8220;0px&#8220; box_shadow_blur_tablet=&#8220;40px&#8220;][\/et_pb_image][\/et_pb_column][et_pb_column type=&#8220;1_4&#8243; _builder_version=&#8220;3.0.47&#8243; custom_padding=&#8220;|||&#8220; custom_padding__hover=&#8220;|||&#8220;][et_pb_image src=&#8220;https:\/\/wartburgkultur.de\/go\/wp-content\/uploads\/2021\/06\/20210614_193505.jpg&#8220; alt=&#8220;Foto Shooting f\u00fcr den Wartburgkalender 2022&#8243; title_text=&#8220;Foto Shooting f\u00fcr den Wartburgkalender 2022&#8243; show_in_lightbox=&#8220;on&#8220; align=&#8220;center&#8220; _builder_version=&#8220;4.9.2&#8243; z_index_tablet=&#8220;500&#8243; box_shadow_style=&#8220;preset2&#8243; box_shadow_horizontal_tablet=&#8220;0px&#8220; box_shadow_vertical_tablet=&#8220;0px&#8220; box_shadow_blur_tablet=&#8220;40px&#8220;][\/et_pb_image][\/et_pb_column][\/et_pb_row][\/et_pb_section]<\/p>\n","protected":false},"excerpt":{"rendered":"<p>Unsere neuen Fotoshootings f\u00fcr den Wartbugkalender 2022 sind voll im Gange. Im Juni sind wir f\u00fcr Euch nach Eisenach gereist und haben hier die einstige Wartburg-Werkskantine f\u00fcr das exklusive Shooting mit unserer bezaubernden Valeria gebucht.Neben einem Wartburg 312 Post-Fahrzeug posierte unser Kalendermodel Valeria auch vor einem Wartburg Coupe 311 und einer Sport Deluxe Edition. Freut [&hellip;]<\/p>\n","protected":false},"author":21,"featured_media":0,"parent":0,"menu_order":0,"comment_status":"closed","ping_status":"closed","template":"","meta":{"_et_pb_use_builder":"on","_et_pb_old_content":"","_et_gb_content_width":"","footnotes":""},"class_list":["post-7165","page","type-page","status-publish","hentry"],"aioseo_notices":[],"_links":{"self":[{"href":"https:\/\/wartburgkultur.de\/go\/wp-json\/wp\/v2\/pages\/7165","targetHints":{"allow":["GET"]}}],"collection":[{"href":"https:\/\/wartburgkultur.de\/go\/wp-json\/wp\/v2\/pages"}],"about":[{"href":"https:\/\/wartburgkultur.de\/go\/wp-json\/wp\/v2\/types\/page"}],"author":[{"embeddable":true,"href":"https:\/\/wartburgkultur.de\/go\/wp-json\/wp\/v2\/users\/21"}],"replies":[{"embeddable":true,"href":"https:\/\/wartburgkultur.de\/go\/wp-json\/wp\/v2\/comments?post=7165"}],"version-history":[{"count":11,"href":"https:\/\/wartburgkultur.de\/go\/wp-json\/wp\/v2\/pages\/7165\/revisions"}],"predecessor-version":[{"id":7225,"href":"https:\/\/wartburgkultur.de\/go\/wp-json\/wp\/v2\/pages\/7165\/revisions\/7225"}],"wp:attachment":[{"href":"https:\/\/wartburgkultur.de\/go\/wp-json\/wp\/v2\/media?parent=7165"}],"curies":[{"name":"wp","href":"https:\/\/api.w.org\/{rel}","templated":true}]}}